{"id":8055,"date":"2025-03-27T16:02:59","date_gmt":"2025-03-27T13:02:59","guid":{"rendered":"https:\/\/valmista.com\/home\/?page_id=8055"},"modified":"2025-03-27T16:25:04","modified_gmt":"2025-03-27T13:25:04","slug":"valmistan-kevatsiivouskampanja-ohjeet-palveluntarjoajille","status":"publish","type":"page","link":"https:\/\/valmista.com\/home\/fi\/valmistan-kevatsiivouskampanja-ohjeet-palveluntarjoajille\/","title":{"rendered":"Valmistan Kev\u00e4tsiivouskampanja &#8211; Ohjeet Palveluntarjoajille"},"content":{"rendered":"<div>\n<div>\n<div>\n<p>Hei! Olemme Valmista, ja olemme innoissamme ilmoittaessamme Kev\u00e4tsiivouskampanjastamme. Palvelusi on valittu osallistumaan t\u00e4h\u00e4n erityiseen kampanjaan, ja haluamme auttaa sinua houkuttelemaan lis\u00e4\u00e4 asiakkaita!<\/p>\n<h1>Valmistan Kev\u00e4tsiivouskampanja Yleiskuvaus<\/h1>\n<p>Mainostamme palveluitasi sosiaalisen median alustoillamme ja tarjoamme 50 \u20ac alennuksen jokaisesta Valmistan kautta tehdyst\u00e4 tilauksesta. T\u00e4m\u00e4 kampanja on voimassa enint\u00e4\u00e4n 10 tilaukselle per palveluntarjoaja, mik\u00e4 tarkoittaa, ett\u00e4 voit ansaita yhteens\u00e4 500 \u20ac t\u00e4m\u00e4n kampanjan kautta.<\/p>\n<h2>Miten Kampanja Toimii<\/h2>\n<ol>\n<li>\n<h3>Kampanjan Aika: Kampanja on voimassa 1. huhtikuuta &#8211; 31. toukokuuta 2025.<\/h3>\n<\/li>\n<li>\n<h3>Asiakkaan Maksu: Kun tilaus on suoritettu, asiakas maksaa sinulle hinnan, josta on v\u00e4hennetty 50 \u20ac alennus.<\/h3>\n<\/li>\n<li>\n<h3>Laskuttaminen Valmistaa:<\/h3>\n<\/li>\n<\/ol>\n<ul>\n<li>Kun tilaus on valmis, sinun tulee l\u00e4hett\u00e4\u00e4 meille lasku 50 \u20ac per suoritettu tilaus tai jos sinulla on useita alennuskuponkeja sis\u00e4lt\u00e4vi\u00e4 tilauksia, voit l\u00e4hett\u00e4\u00e4 ne kerralla yhteissummana. L\u00e4het\u00e4th\u00e4n ne osoitteeseen info@valmista.com.<\/li>\n<li>Varmista, ett\u00e4 laskussa on mukana kaikkien suoritettujen tilausten tiedot (tilaus-ID, asiakkaan nimi, palvelun p\u00e4iv\u00e4m\u00e4\u00e4r\u00e4).<\/li>\n<li>Maksun Saaminen: K\u00e4sittelemme laskusi ja maksamme sinulle ylim\u00e4\u00e4r\u00e4iset 50 \u20ac per tilaus 5 ty\u00f6p\u00e4iv\u00e4n kuluessa laskun vastaanottamisesta.<\/li>\n<li>Tilausten todentamiseksi, sis\u00e4llyt\u00e4 my\u00f6s asiakkaan tekem\u00e4 maksutapahtuma laskuun.<\/li>\n<\/ul>\n<h2>T\u00e4rke\u00e4t Huomautukset<\/h2>\n<ul>\n<li>T\u00e4m\u00e4 kampanja koskee vain Valmistan kautta tehtyj\u00e4 tilauksia kampanjan aikana.<\/li>\n<li>Varmista, ett\u00e4 kommunikoit selke\u00e4sti asiakkaillesi alennuksesta ja heid\u00e4n maksamastaan lopullisesta summasta.<\/li>\n<li>Seuraa tilauksiasi ja l\u00e4het\u00e4 laskut ajoissa nopeamman maksun k\u00e4sittelyn varmistamiseksi.<\/li>\n<\/ul>\n<h3>Tarvitsetko Apua?<\/h3>\n<p>Jos sinulla on kysytt\u00e4v\u00e4\u00e4 tai tarvitset apua, ota yhteytt\u00e4 numeroon +358 40 681 2308 (englanninkielinen tuki 24\/7).<\/p>\n<p>Suomenkielisi\u00e4 tiedusteluja varten l\u00e4het\u00e4 meille viesti t\u00e4h\u00e4n numeroon tai s\u00e4hk\u00f6postitse: info@valmista.com, niin vastaamme sinulle 24 tunnin kuluessa arkip\u00e4ivisin.<\/p>\n<p>Odotamme innolla palveluidesi mainostamista ja liiketoimintasi kasvattamista!<\/p>\n<p>Parhain terveisin,<\/p>\n<p>Valmistan tiimi<\/p>\n<\/div>\n<\/div>\n<\/div>\n","protected":false},"excerpt":{"rendered":"<p>Hei! Olemme Valmista, ja olemme innoissamme ilmoittaessamme Kev\u00e4tsiivouskampanjastamme. Palvelusi on valittu osallistumaan t\u00e4h\u00e4n erityiseen kampanjaan, ja haluamme auttaa sinua houkuttelemaan lis\u00e4\u00e4 asiakkaita! Valmistan Kev\u00e4tsiivouskampanja Yleiskuvaus Mainostamme palveluitasi sosiaalisen median alustoillamme ja tarjoamme 50 \u20ac alennuksen jokaisesta Valmistan kautta tehdyst\u00e4 tilauksesta. T\u00e4m\u00e4 kampanja on voimassa enint\u00e4\u00e4n 10 tilaukselle per palveluntarjoaja, mik\u00e4 tarkoittaa, ett\u00e4 voit ansaita yhteens\u00e4 [&hellip;]<\/p>\n","protected":false},"author":4,"featured_media":0,"parent":0,"menu_order":0,"comment_status":"closed","ping_status":"closed","template":"","meta":{"om_disable_all_campaigns":false,"_monsterinsights_skip_tracking":false,"_monsterinsights_sitenote_active":false,"_monsterinsights_sitenote_note":"","_monsterinsights_sitenote_category":0,"footnotes":""},"folder":[455],"class_list":["post-8055","page","type-page","status-publish","hentry"],"aioseo_notices":[],"yoast_head":"<!-- This site is optimized with the Yoast SEO Premium plugin v26.5 (Yoast SEO v26.5) - https:\/\/yoast.com\/wordpress\/plugins\/seo\/ -->\n<title>Valmistan Kev\u00e4tsiivouskampanja - Ohjeet Palveluntarjoajille - Valmista<\/title>\n<meta name=\"description\" content=\"T\u00e4m\u00e4 kampanja on voimassa enint\u00e4\u00e4n 10 tilaukselle per palveluntarjoaja, mik\u00e4 tarkoittaa, ett\u00e4 voit ansaita yhteens\u00e4 500 \u20ac t\u00e4m\u00e4n kampanjan kautta.\" \/>\n<meta name=\"robots\" content=\"index, follow, max-snippet:-1, max-image-preview:large, max-video-preview:-1\" \/>\n<link rel=\"canonical\" href=\"https:\/\/valmista.com\/home\/fi\/valmistan-kevatsiivouskampanja-ohjeet-palveluntarjoajille\/\" \/>\n<meta property=\"og:locale\" content=\"en_US\" \/>\n<meta property=\"og:type\" content=\"article\" \/>\n<meta property=\"og:title\" content=\"Valmistan Kev\u00e4tsiivouskampanja - Ohjeet Palveluntarjoajille\" \/>\n<meta property=\"og:description\" content=\"T\u00e4m\u00e4 kampanja on voimassa enint\u00e4\u00e4n 10 tilaukselle per palveluntarjoaja, mik\u00e4 tarkoittaa, ett\u00e4 voit ansaita yhteens\u00e4 500 \u20ac t\u00e4m\u00e4n kampanjan kautta.\" \/>\n<meta property=\"og:url\" content=\"https:\/\/valmista.com\/home\/fi\/valmistan-kevatsiivouskampanja-ohjeet-palveluntarjoajille\/\" \/>\n<meta property=\"og:site_name\" content=\"Valmista\" \/>\n<meta property=\"article:publisher\" content=\"https:\/\/www.facebook.com\/profile.php?id=100083941703780\" \/>\n<meta property=\"article:modified_time\" content=\"2025-03-27T13:25:04+00:00\" \/>\n<meta property=\"og:image\" content=\"https:\/\/valmista.com\/home\/wp-content\/uploads\/2023\/02\/Kansikuva-Valmista-Pieni-scaled.jpg\" \/>\n\t<meta property=\"og:image:width\" content=\"2560\" \/>\n\t<meta property=\"og:image:height\" content=\"1708\" \/>\n\t<meta property=\"og:image:type\" content=\"image\/jpeg\" \/>\n<meta name=\"twitter:card\" content=\"summary_large_image\" \/>\n<meta name=\"twitter:label1\" content=\"Est. reading time\" \/>\n\t<meta name=\"twitter:data1\" content=\"2 minutes\" \/>\n<script type=\"application\/ld+json\" class=\"yoast-schema-graph\">{\"@context\":\"https:\/\/schema.org\",\"@graph\":[{\"@type\":\"WebPage\",\"@id\":\"https:\/\/valmista.com\/home\/fi\/valmistan-kevatsiivouskampanja-ohjeet-palveluntarjoajille\/\",\"url\":\"https:\/\/valmista.com\/home\/fi\/valmistan-kevatsiivouskampanja-ohjeet-palveluntarjoajille\/\",\"name\":\"Valmistan Kev\u00e4tsiivouskampanja - Ohjeet Palveluntarjoajille - Valmista\",\"isPartOf\":{\"@id\":\"https:\/\/valmista.com\/home\/#website\"},\"datePublished\":\"2025-03-27T13:02:59+00:00\",\"dateModified\":\"2025-03-27T13:25:04+00:00\",\"description\":\"T\u00e4m\u00e4 kampanja on voimassa enint\u00e4\u00e4n 10 tilaukselle per palveluntarjoaja, mik\u00e4 tarkoittaa, ett\u00e4 voit ansaita yhteens\u00e4 500 \u20ac t\u00e4m\u00e4n kampanjan kautta.\",\"breadcrumb\":{\"@id\":\"https:\/\/valmista.com\/home\/fi\/valmistan-kevatsiivouskampanja-ohjeet-palveluntarjoajille\/#breadcrumb\"},\"inLanguage\":\"en-US\",\"potentialAction\":[{\"@type\":\"ReadAction\",\"target\":[\"https:\/\/valmista.com\/home\/fi\/valmistan-kevatsiivouskampanja-ohjeet-palveluntarjoajille\/\"]}]},{\"@type\":\"BreadcrumbList\",\"@id\":\"https:\/\/valmista.com\/home\/fi\/valmistan-kevatsiivouskampanja-ohjeet-palveluntarjoajille\/#breadcrumb\",\"itemListElement\":[{\"@type\":\"ListItem\",\"position\":1,\"name\":\"Home\",\"item\":\"https:\/\/valmista.com\/home\/\"},{\"@type\":\"ListItem\",\"position\":2,\"name\":\"Valmistan Kev\u00e4tsiivouskampanja &#8211; Ohjeet Palveluntarjoajille\"}]},{\"@type\":\"WebSite\",\"@id\":\"https:\/\/valmista.com\/home\/#website\",\"url\":\"https:\/\/valmista.com\/home\/\",\"name\":\"Valmista\",\"description\":\"Get It Done\",\"publisher\":{\"@id\":\"https:\/\/valmista.com\/home\/#organization\"},\"alternateName\":\"Valmista - Get It Done\",\"potentialAction\":[{\"@type\":\"SearchAction\",\"target\":{\"@type\":\"EntryPoint\",\"urlTemplate\":\"https:\/\/valmista.com\/home\/?s={search_term_string}\"},\"query-input\":{\"@type\":\"PropertyValueSpecification\",\"valueRequired\":true,\"valueName\":\"search_term_string\"}}],\"inLanguage\":\"en-US\"},{\"@type\":\"Organization\",\"@id\":\"https:\/\/valmista.com\/home\/#organization\",\"name\":\"Valmista\",\"url\":\"https:\/\/valmista.com\/home\/\",\"logo\":{\"@type\":\"ImageObject\",\"inLanguage\":\"en-US\",\"@id\":\"https:\/\/valmista.com\/home\/#\/schema\/logo\/image\/\",\"url\":\"https:\/\/valmista.com\/home\/wp-content\/uploads\/2025\/09\/Valmista-full-1.png\",\"contentUrl\":\"https:\/\/valmista.com\/home\/wp-content\/uploads\/2025\/09\/Valmista-full-1.png\",\"width\":356,\"height\":95,\"caption\":\"Valmista\"},\"image\":{\"@id\":\"https:\/\/valmista.com\/home\/#\/schema\/logo\/image\/\"},\"sameAs\":[\"https:\/\/www.facebook.com\/profile.php?id=100083941703780\",\"https:\/\/www.youtube.com\/channel\/UCEY_gnH3J8OCXzC60rfCVLw\",\"https:\/\/www.linkedin.com\/company\/valmista\/?viewAsMember=true\",\"https:\/\/www.instagram.com\/valmista_com\/\",\"https:\/\/www.tiktok.com\/@valmista.com?lang=en\"]}]}<\/script>\n<!-- \/ Yoast SEO Premium plugin. -->","yoast_head_json":{"title":"Valmistan Kev\u00e4tsiivouskampanja - Ohjeet Palveluntarjoajille - Valmista","description":"T\u00e4m\u00e4 kampanja on voimassa enint\u00e4\u00e4n 10 tilaukselle per palveluntarjoaja, mik\u00e4 tarkoittaa, ett\u00e4 voit ansaita yhteens\u00e4 500 \u20ac t\u00e4m\u00e4n kampanjan kautta.","robots":{"index":"index","follow":"follow","max-snippet":"max-snippet:-1","max-image-preview":"max-image-preview:large","max-video-preview":"max-video-preview:-1"},"canonical":"https:\/\/valmista.com\/home\/fi\/valmistan-kevatsiivouskampanja-ohjeet-palveluntarjoajille\/","og_locale":"en_US","og_type":"article","og_title":"Valmistan Kev\u00e4tsiivouskampanja - Ohjeet Palveluntarjoajille","og_description":"T\u00e4m\u00e4 kampanja on voimassa enint\u00e4\u00e4n 10 tilaukselle per palveluntarjoaja, mik\u00e4 tarkoittaa, ett\u00e4 voit ansaita yhteens\u00e4 500 \u20ac t\u00e4m\u00e4n kampanjan kautta.","og_url":"https:\/\/valmista.com\/home\/fi\/valmistan-kevatsiivouskampanja-ohjeet-palveluntarjoajille\/","og_site_name":"Valmista","article_publisher":"https:\/\/www.facebook.com\/profile.php?id=100083941703780","article_modified_time":"2025-03-27T13:25:04+00:00","og_image":[{"width":2560,"height":1708,"url":"https:\/\/valmista.com\/home\/wp-content\/uploads\/2023\/02\/Kansikuva-Valmista-Pieni-scaled.jpg","type":"image\/jpeg"}],"twitter_card":"summary_large_image","twitter_misc":{"Est. reading time":"2 minutes"},"schema":{"@context":"https:\/\/schema.org","@graph":[{"@type":"WebPage","@id":"https:\/\/valmista.com\/home\/fi\/valmistan-kevatsiivouskampanja-ohjeet-palveluntarjoajille\/","url":"https:\/\/valmista.com\/home\/fi\/valmistan-kevatsiivouskampanja-ohjeet-palveluntarjoajille\/","name":"Valmistan Kev\u00e4tsiivouskampanja - Ohjeet Palveluntarjoajille - Valmista","isPartOf":{"@id":"https:\/\/valmista.com\/home\/#website"},"datePublished":"2025-03-27T13:02:59+00:00","dateModified":"2025-03-27T13:25:04+00:00","description":"T\u00e4m\u00e4 kampanja on voimassa enint\u00e4\u00e4n 10 tilaukselle per palveluntarjoaja, mik\u00e4 tarkoittaa, ett\u00e4 voit ansaita yhteens\u00e4 500 \u20ac t\u00e4m\u00e4n kampanjan kautta.","breadcrumb":{"@id":"https:\/\/valmista.com\/home\/fi\/valmistan-kevatsiivouskampanja-ohjeet-palveluntarjoajille\/#breadcrumb"},"inLanguage":"en-US","potentialAction":[{"@type":"ReadAction","target":["https:\/\/valmista.com\/home\/fi\/valmistan-kevatsiivouskampanja-ohjeet-palveluntarjoajille\/"]}]},{"@type":"BreadcrumbList","@id":"https:\/\/valmista.com\/home\/fi\/valmistan-kevatsiivouskampanja-ohjeet-palveluntarjoajille\/#breadcrumb","itemListElement":[{"@type":"ListItem","position":1,"name":"Home","item":"https:\/\/valmista.com\/home\/"},{"@type":"ListItem","position":2,"name":"Valmistan Kev\u00e4tsiivouskampanja &#8211; Ohjeet Palveluntarjoajille"}]},{"@type":"WebSite","@id":"https:\/\/valmista.com\/home\/#website","url":"https:\/\/valmista.com\/home\/","name":"Valmista","description":"Get It Done","publisher":{"@id":"https:\/\/valmista.com\/home\/#organization"},"alternateName":"Valmista - Get It Done","potentialAction":[{"@type":"SearchAction","target":{"@type":"EntryPoint","urlTemplate":"https:\/\/valmista.com\/home\/?s={search_term_string}"},"query-input":{"@type":"PropertyValueSpecification","valueRequired":true,"valueName":"search_term_string"}}],"inLanguage":"en-US"},{"@type":"Organization","@id":"https:\/\/valmista.com\/home\/#organization","name":"Valmista","url":"https:\/\/valmista.com\/home\/","logo":{"@type":"ImageObject","inLanguage":"en-US","@id":"https:\/\/valmista.com\/home\/#\/schema\/logo\/image\/","url":"https:\/\/valmista.com\/home\/wp-content\/uploads\/2025\/09\/Valmista-full-1.png","contentUrl":"https:\/\/valmista.com\/home\/wp-content\/uploads\/2025\/09\/Valmista-full-1.png","width":356,"height":95,"caption":"Valmista"},"image":{"@id":"https:\/\/valmista.com\/home\/#\/schema\/logo\/image\/"},"sameAs":["https:\/\/www.facebook.com\/profile.php?id=100083941703780","https:\/\/www.youtube.com\/channel\/UCEY_gnH3J8OCXzC60rfCVLw","https:\/\/www.linkedin.com\/company\/valmista\/?viewAsMember=true","https:\/\/www.instagram.com\/valmista_com\/","https:\/\/www.tiktok.com\/@valmista.com?lang=en"]}]}},"_links":{"self":[{"href":"https:\/\/valmista.com\/home\/wp-json\/wp\/v2\/pages\/8055","targetHints":{"allow":["GET"]}}],"collection":[{"href":"https:\/\/valmista.com\/home\/wp-json\/wp\/v2\/pages"}],"about":[{"href":"https:\/\/valmista.com\/home\/wp-json\/wp\/v2\/types\/page"}],"author":[{"embeddable":true,"href":"https:\/\/valmista.com\/home\/wp-json\/wp\/v2\/users\/4"}],"replies":[{"embeddable":true,"href":"https:\/\/valmista.com\/home\/wp-json\/wp\/v2\/comments?post=8055"}],"version-history":[{"count":1,"href":"https:\/\/valmista.com\/home\/wp-json\/wp\/v2\/pages\/8055\/revisions"}],"predecessor-version":[{"id":8056,"href":"https:\/\/valmista.com\/home\/wp-json\/wp\/v2\/pages\/8055\/revisions\/8056"}],"wp:attachment":[{"href":"https:\/\/valmista.com\/home\/wp-json\/wp\/v2\/media?parent=8055"}],"wp:term":[{"taxonomy":"folder","embeddable":true,"href":"https:\/\/valmista.com\/home\/wp-json\/wp\/v2\/folder?post=8055"}],"curies":[{"name":"wp","href":"https:\/\/api.w.org\/{rel}","templated":true}]}}