{"id":6724,"date":"2024-12-11T11:14:18","date_gmt":"2024-12-11T08:14:18","guid":{"rendered":"https:\/\/valmista.com\/home\/?page_id=6724"},"modified":"2024-12-11T11:56:12","modified_gmt":"2024-12-11T08:56:12","slug":"lahjakorttien-ja-etusetelien-kayttoehdot-valmista-com-palvelussa","status":"publish","type":"page","link":"https:\/\/valmista.com\/home\/fi\/lahjakorttien-ja-etusetelien-kayttoehdot-valmista-com-palvelussa\/","title":{"rendered":"Lahjakorttien ja Etusetelien K\u00e4ytt\u00f6ehdot Valmista.com-palvelussa"},"content":{"rendered":"\t\t<div data-elementor-type=\"wp-page\" data-elementor-id=\"6724\" class=\"elementor elementor-6724\" data-elementor-post-type=\"page\">\n\t\t\t\t<div class=\"elementor-element elementor-element-449f09d7 e-flex e-con-boxed e-con e-parent\" data-id=\"449f09d7\" data-element_type=\"container\">\n\t\t\t\t\t<div class=\"e-con-inner\">\n\t\t\t\t<div class=\"elementor-element elementor-element-bf42a5a elementor-widget elementor-widget-image\" data-id=\"bf42a5a\" data-element_type=\"widget\" data-widget_type=\"image.default\">\n\t\t\t\t\t\t\t\t\t\t\t\t\t\t\t<img fetchpriority=\"high\" decoding=\"async\" width=\"768\" height=\"426\" src=\"https:\/\/valmista.com\/home\/wp-content\/uploads\/2024\/12\/voucher-christmas-2024-e1734434922606-768x426.jpg\" class=\"attachment-medium_large size-medium_large wp-image-6721\" alt=\"Voucher example\" srcset=\"https:\/\/valmista.com\/home\/wp-content\/uploads\/2024\/12\/voucher-christmas-2024-e1734434922606-768x426.jpg 768w, https:\/\/valmista.com\/home\/wp-content\/uploads\/2024\/12\/voucher-christmas-2024-e1734434922606-300x166.jpg 300w, https:\/\/valmista.com\/home\/wp-content\/uploads\/2024\/12\/voucher-christmas-2024-e1734434922606-1024x568.jpg 1024w, https:\/\/valmista.com\/home\/wp-content\/uploads\/2024\/12\/voucher-christmas-2024-e1734434922606.jpg 1080w\" sizes=\"(max-width: 768px) 100vw, 768px\" \/>\t\t\t\t\t\t\t\t\t\t\t\t\t\t\t<\/div>\n\t\t\t\t<div class=\"elementor-element elementor-element-474e06d elementor-widget elementor-widget-text-editor\" data-id=\"474e06d\" data-element_type=\"widget\" data-widget_type=\"text-editor.default\">\n\t\t\t\t\t\t\t\t\t<p>\u00a0<\/p><h2>Taataksemme sujuvan ja turvallisen k\u00e4ytt\u00f6kokemuksen, pyyd\u00e4mme k\u00e4ytt\u00e4ji\u00e4 noudattamaan seuraavia ehtoja, kun he k\u00e4ytt\u00e4v\u00e4t lahjakortteja tai etuseteleit\u00e4 Valmista.com-palvelussa:<\/h2><h2>K\u00e4ytt\u00f6ehdot:<\/h2><h3>1. K\u00e4ytt\u00f6 Alennuksena<\/h3><p>\u2022 Kaikki Valmistan lahjakortit ja etusetelit ovat voimassa vain alennuksena Valmista-alustan kautta varattuihin palveluihin.<br \/>\u2022 Lahjakortin tai etusetelin arvo v\u00e4hennet\u00e4\u00e4n palvelun kokonaishinnasta kassalla.<\/p><h3>2. Ei Vaihtoa Rahaksi<\/h3><p>\u2022 Lahjakortteja ja etuseteleit\u00e4 ei voi vaihtaa rahaksi miss\u00e4\u00e4n tilanteessa.<br \/>\u2022 Etusetelin arvo rajoittuu sen k\u00e4ytt\u00f6\u00f6n alennuksena Valmista.com-palvelussa.<\/p><h3>3. Voimassaolo ja Vanhentuminen<\/h3><p>\u2022 Jokainen lahjakortti ja etuseteli on voimassa vain siin\u00e4 ilmoitetun ajan.<br \/>\u2022 Vanhentuneita lahjakortteja tai etuseteleit\u00e4 ei voi k\u00e4ytt\u00e4\u00e4 eik\u00e4 niiden voimassaoloaikaa voida pident\u00e4\u00e4.<\/p><h3>4. Yksitt\u00e4isen K\u00e4yt\u00f6n Periaate<\/h3><p>\u2022 Lahjakortti tai etuseteli on voimassa yhteen varaukseen eik\u00e4 sit\u00e4 voi jakaa useiden varausten kesken.<br \/>\u2022 Jos palvelun hinta on pienempi kuin lahjakortin arvo, ylij\u00e4\u00e4v\u00e4\u00e4 summaa ei palauteta eik\u00e4 sit\u00e4 voi k\u00e4ytt\u00e4\u00e4 my\u00f6hemmin.<\/p><h3>5. Uniikkien Koodien Lunastus<\/h3><p>\u2022 Lahjakortin ja etusetelin lunastus edellytt\u00e4\u00e4 uniikin koodin sy\u00f6tt\u00e4mist\u00e4 varauksen yhteydess\u00e4 Valmista.com-palvelussa.<br \/>\u2022 Kukin uniikki koodi voidaan k\u00e4ytt\u00e4\u00e4 vain kerran.<\/p><h3>6. Petosten Ehk\u00e4isy<\/h3><p>\u2022 Valmista pid\u00e4tt\u00e4\u00e4 oikeuden peruuttaa etuseteleit\u00e4, joita ep\u00e4ill\u00e4\u00e4n hankitun tai k\u00e4ytetyn vilpillisesti.<br \/>\u2022 Lahjakorttien tai etusetelien kopiointi, myynti tai v\u00e4\u00e4rink\u00e4ytt\u00f6 voi johtaa k\u00e4ytt\u00e4j\u00e4tilin sulkemiseen ja oikeudellisiin toimiin.<\/p><h3>7. Asiakastuki<\/h3><p>\u2022 Jos kohtaat ongelmia lahjakortin tai etusetelin lunastuksessa, ole yhteydess\u00e4 Valmistan asiakastukeen.<br \/>\u2022 Nopeamman ratkaisun takaamiseksi ilmoita uniikki koodi ja varauksen tiedot.<\/p><p>K\u00e4ytt\u00e4m\u00e4ll\u00e4 lahjakorttia tai etuseteli\u00e4 hyv\u00e4ksyt n\u00e4m\u00e4 ehdot. Valmista pid\u00e4tt\u00e4\u00e4 oikeuden p\u00e4ivitt\u00e4\u00e4 n\u00e4it\u00e4 ehtoja tarvittaessa. Lis\u00e4tiedot ja apua saat ottamalla yhteytt\u00e4 asiakastukeemme: help@valmista.com.<\/p>\t\t\t\t\t\t\t\t<\/div>\n\t\t\t\t\t<\/div>\n\t\t\t\t<\/div>\n\t\t\t\t<\/div>\n\t\t","protected":false},"excerpt":{"rendered":"<p>\u00a0 Taataksemme sujuvan ja turvallisen k\u00e4ytt\u00f6kokemuksen, pyyd\u00e4mme k\u00e4ytt\u00e4ji\u00e4 noudattamaan seuraavia ehtoja, kun he k\u00e4ytt\u00e4v\u00e4t lahjakortteja tai etuseteleit\u00e4 Valmista.com-palvelussa: K\u00e4ytt\u00f6ehdot: 1. K\u00e4ytt\u00f6 Alennuksena \u2022 Kaikki Valmistan lahjakortit ja etusetelit ovat voimassa vain alennuksena Valmista-alustan kautta varattuihin palveluihin.\u2022 Lahjakortin tai etusetelin arvo v\u00e4hennet\u00e4\u00e4n palvelun kokonaishinnasta kassalla. 2. Ei Vaihtoa Rahaksi \u2022 Lahjakortteja ja etuseteleit\u00e4 ei voi vaihtaa [&hellip;]<\/p>\n","protected":false},"author":4,"featured_media":0,"parent":0,"menu_order":0,"comment_status":"closed","ping_status":"closed","template":"","meta":{"om_disable_all_campaigns":false,"_monsterinsights_skip_tracking":false,"_monsterinsights_sitenote_active":false,"_monsterinsights_sitenote_note":"","_monsterinsights_sitenote_category":0,"footnotes":""},"folder":[455],"class_list":["post-6724","page","type-page","status-publish","hentry"],"aioseo_notices":[],"yoast_head":"<!-- This site is optimized with the Yoast SEO Premium plugin v26.5 (Yoast SEO v26.5) - https:\/\/yoast.com\/wordpress\/plugins\/seo\/ -->\n<title>Lahjakorttien ja Etusetelien K\u00e4ytt\u00f6ehdot Valmista.com-palvelussa - Valmista<\/title>\n<meta name=\"description\" content=\"Hanki t\u00e4ydellinen joululahja: Valmista-lahjakortti. K\u00e4yt\u00e4 sit\u00e4 alennuksena varatessasi paikallisia osaajia ja s\u00e4\u00e4st\u00e4\u00e4ksesi rahaa palveluista.\" \/>\n<meta name=\"robots\" content=\"index, follow, max-snippet:-1, max-image-preview:large, max-video-preview:-1\" \/>\n<link rel=\"canonical\" href=\"https:\/\/valmista.com\/home\/fi\/lahjakorttien-ja-etusetelien-kayttoehdot-valmista-com-palvelussa\/\" \/>\n<meta property=\"og:locale\" content=\"en_US\" \/>\n<meta property=\"og:type\" content=\"article\" \/>\n<meta property=\"og:title\" content=\"Lahjakorttien ja Etusetelien K\u00e4ytt\u00f6ehdot Valmista.com-palvelussa\" \/>\n<meta property=\"og:description\" content=\"Hanki t\u00e4ydellinen joululahja: Valmista-lahjakortti. K\u00e4yt\u00e4 sit\u00e4 alennuksena varatessasi paikallisia osaajia ja s\u00e4\u00e4st\u00e4\u00e4ksesi rahaa palveluista.\" \/>\n<meta property=\"og:url\" content=\"https:\/\/valmista.com\/home\/fi\/lahjakorttien-ja-etusetelien-kayttoehdot-valmista-com-palvelussa\/\" \/>\n<meta property=\"og:site_name\" content=\"Valmista\" \/>\n<meta property=\"article:publisher\" content=\"https:\/\/www.facebook.com\/profile.php?id=100083941703780\" \/>\n<meta property=\"article:modified_time\" content=\"2024-12-11T08:56:12+00:00\" \/>\n<meta property=\"og:image\" content=\"https:\/\/valmista.com\/home\/wp-content\/uploads\/2024\/12\/voucher-christmas-2024-e1734434922606.jpg\" \/>\n\t<meta property=\"og:image:width\" content=\"1080\" \/>\n\t<meta property=\"og:image:height\" content=\"599\" \/>\n\t<meta property=\"og:image:type\" content=\"image\/jpeg\" \/>\n<meta name=\"twitter:card\" content=\"summary_large_image\" \/>\n<meta name=\"twitter:label1\" content=\"Est. reading time\" \/>\n\t<meta name=\"twitter:data1\" content=\"2 minutes\" \/>\n<script type=\"application\/ld+json\" class=\"yoast-schema-graph\">{\"@context\":\"https:\/\/schema.org\",\"@graph\":[{\"@type\":\"WebPage\",\"@id\":\"https:\/\/valmista.com\/home\/fi\/lahjakorttien-ja-etusetelien-kayttoehdot-valmista-com-palvelussa\/\",\"url\":\"https:\/\/valmista.com\/home\/fi\/lahjakorttien-ja-etusetelien-kayttoehdot-valmista-com-palvelussa\/\",\"name\":\"Lahjakorttien ja Etusetelien K\u00e4ytt\u00f6ehdot Valmista.com-palvelussa - Valmista\",\"isPartOf\":{\"@id\":\"https:\/\/valmista.com\/home\/#website\"},\"primaryImageOfPage\":{\"@id\":\"https:\/\/valmista.com\/home\/fi\/lahjakorttien-ja-etusetelien-kayttoehdot-valmista-com-palvelussa\/#primaryimage\"},\"image\":{\"@id\":\"https:\/\/valmista.com\/home\/fi\/lahjakorttien-ja-etusetelien-kayttoehdot-valmista-com-palvelussa\/#primaryimage\"},\"thumbnailUrl\":\"https:\/\/valmista.com\/home\/wp-content\/uploads\/2024\/12\/voucher-christmas-2024-768x768.jpg\",\"datePublished\":\"2024-12-11T08:14:18+00:00\",\"dateModified\":\"2024-12-11T08:56:12+00:00\",\"description\":\"Hanki t\u00e4ydellinen joululahja: Valmista-lahjakortti. K\u00e4yt\u00e4 sit\u00e4 alennuksena varatessasi paikallisia osaajia ja s\u00e4\u00e4st\u00e4\u00e4ksesi rahaa palveluista.\",\"breadcrumb\":{\"@id\":\"https:\/\/valmista.com\/home\/fi\/lahjakorttien-ja-etusetelien-kayttoehdot-valmista-com-palvelussa\/#breadcrumb\"},\"inLanguage\":\"en-US\",\"potentialAction\":[{\"@type\":\"ReadAction\",\"target\":[\"https:\/\/valmista.com\/home\/fi\/lahjakorttien-ja-etusetelien-kayttoehdot-valmista-com-palvelussa\/\"]}]},{\"@type\":\"ImageObject\",\"inLanguage\":\"en-US\",\"@id\":\"https:\/\/valmista.com\/home\/fi\/lahjakorttien-ja-etusetelien-kayttoehdot-valmista-com-palvelussa\/#primaryimage\",\"url\":\"https:\/\/valmista.com\/home\/wp-content\/uploads\/2024\/12\/voucher-christmas-2024-e1734434922606.jpg\",\"contentUrl\":\"https:\/\/valmista.com\/home\/wp-content\/uploads\/2024\/12\/voucher-christmas-2024-e1734434922606.jpg\",\"width\":1080,\"height\":599,\"caption\":\"Voucher example\"},{\"@type\":\"BreadcrumbList\",\"@id\":\"https:\/\/valmista.com\/home\/fi\/lahjakorttien-ja-etusetelien-kayttoehdot-valmista-com-palvelussa\/#breadcrumb\",\"itemListElement\":[{\"@type\":\"ListItem\",\"position\":1,\"name\":\"Home\",\"item\":\"https:\/\/valmista.com\/home\/\"},{\"@type\":\"ListItem\",\"position\":2,\"name\":\"Lahjakorttien ja Etusetelien K\u00e4ytt\u00f6ehdot Valmista.com-palvelussa\"}]},{\"@type\":\"WebSite\",\"@id\":\"https:\/\/valmista.com\/home\/#website\",\"url\":\"https:\/\/valmista.com\/home\/\",\"name\":\"Valmista\",\"description\":\"Get It Done\",\"publisher\":{\"@id\":\"https:\/\/valmista.com\/home\/#organization\"},\"alternateName\":\"Valmista - Get It Done\",\"potentialAction\":[{\"@type\":\"SearchAction\",\"target\":{\"@type\":\"EntryPoint\",\"urlTemplate\":\"https:\/\/valmista.com\/home\/?s={search_term_string}\"},\"query-input\":{\"@type\":\"PropertyValueSpecification\",\"valueRequired\":true,\"valueName\":\"search_term_string\"}}],\"inLanguage\":\"en-US\"},{\"@type\":\"Organization\",\"@id\":\"https:\/\/valmista.com\/home\/#organization\",\"name\":\"Valmista\",\"url\":\"https:\/\/valmista.com\/home\/\",\"logo\":{\"@type\":\"ImageObject\",\"inLanguage\":\"en-US\",\"@id\":\"https:\/\/valmista.com\/home\/#\/schema\/logo\/image\/\",\"url\":\"https:\/\/valmista.com\/home\/wp-content\/uploads\/2025\/09\/Valmista-full-1.png\",\"contentUrl\":\"https:\/\/valmista.com\/home\/wp-content\/uploads\/2025\/09\/Valmista-full-1.png\",\"width\":356,\"height\":95,\"caption\":\"Valmista\"},\"image\":{\"@id\":\"https:\/\/valmista.com\/home\/#\/schema\/logo\/image\/\"},\"sameAs\":[\"https:\/\/www.facebook.com\/profile.php?id=100083941703780\",\"https:\/\/www.youtube.com\/channel\/UCEY_gnH3J8OCXzC60rfCVLw\",\"https:\/\/www.linkedin.com\/company\/valmista\/?viewAsMember=true\",\"https:\/\/www.instagram.com\/valmista_com\/\",\"https:\/\/www.tiktok.com\/@valmista.com?lang=en\"]}]}<\/script>\n<!-- \/ Yoast SEO Premium plugin. -->","yoast_head_json":{"title":"Lahjakorttien ja Etusetelien K\u00e4ytt\u00f6ehdot Valmista.com-palvelussa - Valmista","description":"Hanki t\u00e4ydellinen joululahja: Valmista-lahjakortti. K\u00e4yt\u00e4 sit\u00e4 alennuksena varatessasi paikallisia osaajia ja s\u00e4\u00e4st\u00e4\u00e4ksesi rahaa palveluista.","robots":{"index":"index","follow":"follow","max-snippet":"max-snippet:-1","max-image-preview":"max-image-preview:large","max-video-preview":"max-video-preview:-1"},"canonical":"https:\/\/valmista.com\/home\/fi\/lahjakorttien-ja-etusetelien-kayttoehdot-valmista-com-palvelussa\/","og_locale":"en_US","og_type":"article","og_title":"Lahjakorttien ja Etusetelien K\u00e4ytt\u00f6ehdot Valmista.com-palvelussa","og_description":"Hanki t\u00e4ydellinen joululahja: Valmista-lahjakortti. K\u00e4yt\u00e4 sit\u00e4 alennuksena varatessasi paikallisia osaajia ja s\u00e4\u00e4st\u00e4\u00e4ksesi rahaa palveluista.","og_url":"https:\/\/valmista.com\/home\/fi\/lahjakorttien-ja-etusetelien-kayttoehdot-valmista-com-palvelussa\/","og_site_name":"Valmista","article_publisher":"https:\/\/www.facebook.com\/profile.php?id=100083941703780","article_modified_time":"2024-12-11T08:56:12+00:00","og_image":[{"width":1080,"height":599,"url":"https:\/\/valmista.com\/home\/wp-content\/uploads\/2024\/12\/voucher-christmas-2024-e1734434922606.jpg","type":"image\/jpeg"}],"twitter_card":"summary_large_image","twitter_misc":{"Est. reading time":"2 minutes"},"schema":{"@context":"https:\/\/schema.org","@graph":[{"@type":"WebPage","@id":"https:\/\/valmista.com\/home\/fi\/lahjakorttien-ja-etusetelien-kayttoehdot-valmista-com-palvelussa\/","url":"https:\/\/valmista.com\/home\/fi\/lahjakorttien-ja-etusetelien-kayttoehdot-valmista-com-palvelussa\/","name":"Lahjakorttien ja Etusetelien K\u00e4ytt\u00f6ehdot Valmista.com-palvelussa - Valmista","isPartOf":{"@id":"https:\/\/valmista.com\/home\/#website"},"primaryImageOfPage":{"@id":"https:\/\/valmista.com\/home\/fi\/lahjakorttien-ja-etusetelien-kayttoehdot-valmista-com-palvelussa\/#primaryimage"},"image":{"@id":"https:\/\/valmista.com\/home\/fi\/lahjakorttien-ja-etusetelien-kayttoehdot-valmista-com-palvelussa\/#primaryimage"},"thumbnailUrl":"https:\/\/valmista.com\/home\/wp-content\/uploads\/2024\/12\/voucher-christmas-2024-768x768.jpg","datePublished":"2024-12-11T08:14:18+00:00","dateModified":"2024-12-11T08:56:12+00:00","description":"Hanki t\u00e4ydellinen joululahja: Valmista-lahjakortti. K\u00e4yt\u00e4 sit\u00e4 alennuksena varatessasi paikallisia osaajia ja s\u00e4\u00e4st\u00e4\u00e4ksesi rahaa palveluista.","breadcrumb":{"@id":"https:\/\/valmista.com\/home\/fi\/lahjakorttien-ja-etusetelien-kayttoehdot-valmista-com-palvelussa\/#breadcrumb"},"inLanguage":"en-US","potentialAction":[{"@type":"ReadAction","target":["https:\/\/valmista.com\/home\/fi\/lahjakorttien-ja-etusetelien-kayttoehdot-valmista-com-palvelussa\/"]}]},{"@type":"ImageObject","inLanguage":"en-US","@id":"https:\/\/valmista.com\/home\/fi\/lahjakorttien-ja-etusetelien-kayttoehdot-valmista-com-palvelussa\/#primaryimage","url":"https:\/\/valmista.com\/home\/wp-content\/uploads\/2024\/12\/voucher-christmas-2024-e1734434922606.jpg","contentUrl":"https:\/\/valmista.com\/home\/wp-content\/uploads\/2024\/12\/voucher-christmas-2024-e1734434922606.jpg","width":1080,"height":599,"caption":"Voucher example"},{"@type":"BreadcrumbList","@id":"https:\/\/valmista.com\/home\/fi\/lahjakorttien-ja-etusetelien-kayttoehdot-valmista-com-palvelussa\/#breadcrumb","itemListElement":[{"@type":"ListItem","position":1,"name":"Home","item":"https:\/\/valmista.com\/home\/"},{"@type":"ListItem","position":2,"name":"Lahjakorttien ja Etusetelien K\u00e4ytt\u00f6ehdot Valmista.com-palvelussa"}]},{"@type":"WebSite","@id":"https:\/\/valmista.com\/home\/#website","url":"https:\/\/valmista.com\/home\/","name":"Valmista","description":"Get It Done","publisher":{"@id":"https:\/\/valmista.com\/home\/#organization"},"alternateName":"Valmista - Get It Done","potentialAction":[{"@type":"SearchAction","target":{"@type":"EntryPoint","urlTemplate":"https:\/\/valmista.com\/home\/?s={search_term_string}"},"query-input":{"@type":"PropertyValueSpecification","valueRequired":true,"valueName":"search_term_string"}}],"inLanguage":"en-US"},{"@type":"Organization","@id":"https:\/\/valmista.com\/home\/#organization","name":"Valmista","url":"https:\/\/valmista.com\/home\/","logo":{"@type":"ImageObject","inLanguage":"en-US","@id":"https:\/\/valmista.com\/home\/#\/schema\/logo\/image\/","url":"https:\/\/valmista.com\/home\/wp-content\/uploads\/2025\/09\/Valmista-full-1.png","contentUrl":"https:\/\/valmista.com\/home\/wp-content\/uploads\/2025\/09\/Valmista-full-1.png","width":356,"height":95,"caption":"Valmista"},"image":{"@id":"https:\/\/valmista.com\/home\/#\/schema\/logo\/image\/"},"sameAs":["https:\/\/www.facebook.com\/profile.php?id=100083941703780","https:\/\/www.youtube.com\/channel\/UCEY_gnH3J8OCXzC60rfCVLw","https:\/\/www.linkedin.com\/company\/valmista\/?viewAsMember=true","https:\/\/www.instagram.com\/valmista_com\/","https:\/\/www.tiktok.com\/@valmista.com?lang=en"]}]}},"_links":{"self":[{"href":"https:\/\/valmista.com\/home\/wp-json\/wp\/v2\/pages\/6724","targetHints":{"allow":["GET"]}}],"collection":[{"href":"https:\/\/valmista.com\/home\/wp-json\/wp\/v2\/pages"}],"about":[{"href":"https:\/\/valmista.com\/home\/wp-json\/wp\/v2\/types\/page"}],"author":[{"embeddable":true,"href":"https:\/\/valmista.com\/home\/wp-json\/wp\/v2\/users\/4"}],"replies":[{"embeddable":true,"href":"https:\/\/valmista.com\/home\/wp-json\/wp\/v2\/comments?post=6724"}],"version-history":[{"count":7,"href":"https:\/\/valmista.com\/home\/wp-json\/wp\/v2\/pages\/6724\/revisions"}],"predecessor-version":[{"id":6739,"href":"https:\/\/valmista.com\/home\/wp-json\/wp\/v2\/pages\/6724\/revisions\/6739"}],"wp:attachment":[{"href":"https:\/\/valmista.com\/home\/wp-json\/wp\/v2\/media?parent=6724"}],"wp:term":[{"taxonomy":"folder","embeddable":true,"href":"https:\/\/valmista.com\/home\/wp-json\/wp\/v2\/folder?post=6724"}],"curies":[{"name":"wp","href":"https:\/\/api.w.org\/{rel}","templated":true}]}}